{"id":59,"date":"2025-12-25T15:16:27","date_gmt":"2025-12-25T14:16:27","guid":{"rendered":"https:\/\/robike.sk\/domov\/"},"modified":"2026-04-21T17:46:23","modified_gmt":"2026-04-21T15:46:23","slug":"domov","status":"publish","type":"page","link":"https:\/\/robike.sk\/de\/","title":{"rendered":"Domov"},"content":{"rendered":"<div class=\"wp-block-group alignfull is-style-ext-preset--group--natural-1--section has-background-background-color has-background has-global-padding is-layout-constrained wp-container-core-group-is-layout-ebc3d855 wp-block-group-is-layout-constrained is-style-ext-preset--group--natural-1--section--1\" style=\"margin-top:0;margin-bottom:0;padding-top:0;padding-bottom:var(--wp--preset--spacing--70)\">\n<div class=\"wp-block-cover alignfull is-light\" style=\"min-height:724px;aspect-ratio:unset;\"><img loading=\"lazy\" decoding=\"async\" width=\"1024\" height=\"683\" class=\"wp-block-cover__image-background wp-image-85 size-large\" alt=\"\" src=\"https:\/\/robike.sk\/wp-content\/uploads\/2025\/12\/D13789-13h40m061-1024x683.jpg\" data-object-fit=\"cover\" srcset=\"https:\/\/robike.sk\/wp-content\/uploads\/2025\/12\/D13789-13h40m061-1024x683.jpg 1024w, https:\/\/robike.sk\/wp-content\/uploads\/2025\/12\/D13789-13h40m061-300x200.jpg 300w, https:\/\/robike.sk\/wp-content\/uploads\/2025\/12\/D13789-13h40m061-768x512.jpg 768w, https:\/\/robike.sk\/wp-content\/uploads\/2025\/12\/D13789-13h40m061-1536x1024.jpg 1536w, https:\/\/robike.sk\/wp-content\/uploads\/2025\/12\/D13789-13h40m061-2048x1365.jpg 2048w, https:\/\/robike.sk\/wp-content\/uploads\/2025\/12\/D13789-13h40m061-18x12.jpg 18w\" sizes=\"auto, (max-width: 1024px) 100vw, 1024px\" \/><span aria-hidden=\"true\" class=\"wp-block-cover__background has-background-dim-0 has-background-dim\" style=\"background-color:#9da1a1\"><\/span><div class=\"wp-block-cover__inner-container is-layout-flow wp-block-cover-is-layout-flow\">\n<p class=\"has-text-align-center has-large-font-size\"><\/p>\n<\/div><\/div>\n\n\n\n<div class=\"wp-block-group alignwide is-vertical is-content-justification-center is-layout-flex wp-container-core-group-is-layout-c9ee0c5a wp-block-group-is-layout-flex\">\n<div class=\"wp-block-group has-global-padding is-layout-constrained wp-container-core-group-is-layout-2287c683 wp-block-group-is-layout-constrained\">\n<h1 class=\"wp-block-heading alignwide has-text-align-center\">Inspirierende Motorradabenteuer<\/h1>\n\n\n\n<p class=\"has-text-align-center\">Auf diesem Blog findest du authentische Motorradreiseberichte, detaillierte Routenbeschreibungen und praktische Tipps f\u00fcr unvergessliche Abenteuer auf zwei R\u00e4dern. Entdecke eine einzigartige Perspektive auf Motorradreisen und lass dich f\u00fcr deine eigenen Expeditionen inspirieren.<\/p>\n<\/div>\n\n\n\n<div class=\"wp-block-buttons is-content-justification-center is-layout-flex wp-container-core-buttons-is-layout-a89b3969 wp-block-buttons-is-layout-flex\">\n<div class=\"wp-block-button is-style-ext-preset--button--natural-1--button-1 is-style-ext-preset--button--natural-1--button-1--2\"><a class=\"wp-block-button__link wp-element-button\" href=\"https:\/\/www.tiktok.com\/@robikesk?_r=1&amp;_t=ZN-92Pg1dGensU\">Mehr dazu auf Tik Tok <\/a><\/div>\n\n\n\n<div class=\"wp-block-button is-style-ext-preset--button--natural-1--button-1 is-style-ext-preset--button--natural-1--button-1--3\"><a class=\"wp-block-button__link wp-element-button\" href=\"https:\/\/robike.sk\/de\/specialne-ponuky\/\">Sonderangebote <\/a><\/div>\n\n\n\n<div class=\"wp-block-button is-style-ext-preset--button--natural-1--button-1 is-style-ext-preset--button--natural-1--button-1--4\"><a class=\"wp-block-button__link wp-element-button\" href=\"https:\/\/www.youtube.com\/@robikesk\">Mehr dazu auf YouTube<\/a><\/div>\n<\/div>\n<\/div>\n<\/div>","protected":false},"excerpt":{"rendered":"<p>In\u0161piruj\u00face dobrodru\u017estv\u00e1 na motorke Na tomto blogu n\u00e1jdete autentick\u00e9 pr\u00edbehy z motork\u00e1rskych ciest, detailn\u00e9 itiner\u00e1re a praktick\u00e9 tipy, ktor\u00e9 v\u00e1m pom\u00f4\u017eu za\u017ei\u0165 nezabudnute\u013en\u00e9 dobrodru\u017estv\u00e1 na dvoch koles\u00e1ch. Objavte jedine\u010dn\u00fd poh\u013ead na cestovanie motorkou a nechajte sa in\u0161pirova\u0165 na vlastn\u00e9 exped\u00edcie.<\/p>","protected":false},"author":1,"featured_media":0,"parent":0,"menu_order":0,"comment_status":"closed","ping_status":"closed","template":"no-title","meta":{"_monsterinsights_skip_tracking":false,"_monsterinsights_sitenote_active":false,"_monsterinsights_sitenote_note":"","_monsterinsights_sitenote_category":0,"footnotes":""},"class_list":["post-59","page","type-page","status-publish","hentry"],"aioseo_notices":[],"_links":{"self":[{"href":"https:\/\/robike.sk\/de\/wp-json\/wp\/v2\/pages\/59","targetHints":{"allow":["GET"]}}],"collection":[{"href":"https:\/\/robike.sk\/de\/wp-json\/wp\/v2\/pages"}],"about":[{"href":"https:\/\/robike.sk\/de\/wp-json\/wp\/v2\/types\/page"}],"author":[{"embeddable":true,"href":"https:\/\/robike.sk\/de\/wp-json\/wp\/v2\/users\/1"}],"replies":[{"embeddable":true,"href":"https:\/\/robike.sk\/de\/wp-json\/wp\/v2\/comments?post=59"}],"version-history":[{"count":9,"href":"https:\/\/robike.sk\/de\/wp-json\/wp\/v2\/pages\/59\/revisions"}],"predecessor-version":[{"id":270,"href":"https:\/\/robike.sk\/de\/wp-json\/wp\/v2\/pages\/59\/revisions\/270"}],"wp:attachment":[{"href":"https:\/\/robike.sk\/de\/wp-json\/wp\/v2\/media?parent=59"}],"curies":[{"name":"wp","href":"https:\/\/api.w.org\/{rel}","templated":true}]}}