{"id":57,"date":"2025-12-25T15:16:24","date_gmt":"2025-12-25T14:16:24","guid":{"rendered":"https:\/\/robike.sk\/galeria\/"},"modified":"2025-12-26T11:25:57","modified_gmt":"2025-12-26T10:25:57","slug":"galeria","status":"publish","type":"page","link":"https:\/\/robike.sk\/de\/galeria\/","title":{"rendered":"Galerie"},"content":{"rendered":"<div class=\"wp-block-group alignfull is-style-ext-preset--group--natural-1--section has-background-background-color has-background has-global-padding is-layout-constrained wp-container-core-group-is-layout-f72f1611 wp-block-group-is-layout-constrained is-style-ext-preset--group--natural-1--section--1\" id=\"galeria\" style=\"margin-top:0;margin-bottom:0;padding-top:var(--wp--preset--spacing--70);padding-bottom:var(--wp--preset--spacing--70)\">\n<p class=\"has-text-align-center\">Die Galerie pr\u00e4sentiert eine Auswahl an Fotografien und dynamischen Videos, die unvergessliche Abenteuer auf zwei R\u00e4dern sowie die atemberaubende Sch\u00f6nheit und Vielfalt der Natur in ihren eindrucksvollsten Formen einfangen.<\/p>\n\n\n\n<div class=\"wp-block-columns alignfull are-vertically-aligned-bottom is-layout-flex wp-container-core-columns-is-layout-87beb0d0 wp-block-columns-is-layout-flex\">\n<div class=\"wp-block-column is-vertically-aligned-bottom is-layout-flow wp-container-core-column-is-layout-f5bb311e wp-block-column-is-layout-flow\">\n<figure class=\"wp-block-image size-large is-style-ext-preset--image--natural-1--image-1--content-bottom is-style-ext-preset--image--natural-1--image-1--content-bottom--2\"><img loading=\"lazy\" decoding=\"async\" width=\"798\" height=\"1024\" src=\"https:\/\/robike.sk\/wp-content\/uploads\/2025\/12\/20250710_1601572-1-798x1024.jpg\" alt=\"\" class=\"wp-image-192\" style=\"aspect-ratio:1;object-fit:cover\" srcset=\"https:\/\/robike.sk\/wp-content\/uploads\/2025\/12\/20250710_1601572-1-798x1024.jpg 798w, https:\/\/robike.sk\/wp-content\/uploads\/2025\/12\/20250710_1601572-1-234x300.jpg 234w, https:\/\/robike.sk\/wp-content\/uploads\/2025\/12\/20250710_1601572-1-768x986.jpg 768w, https:\/\/robike.sk\/wp-content\/uploads\/2025\/12\/20250710_1601572-1-1197x1536.jpg 1197w, https:\/\/robike.sk\/wp-content\/uploads\/2025\/12\/20250710_1601572-1-1596x2048.jpg 1596w, https:\/\/robike.sk\/wp-content\/uploads\/2025\/12\/20250710_1601572-1-9x12.jpg 9w, https:\/\/robike.sk\/wp-content\/uploads\/2025\/12\/20250710_1601572-1.jpg 1793w\" sizes=\"auto, (max-width: 798px) 100vw, 798px\" \/><\/figure>\n\n\n\n<figure class=\"wp-block-image size-full is-style-ext-preset--image--natural-1--image-1--content-bottom is-style-ext-preset--image--natural-1--image-1--content-bottom--3\"><img loading=\"lazy\" decoding=\"async\" width=\"636\" height=\"848\" src=\"https:\/\/robike.sk\/wp-content\/uploads\/2025\/12\/20250707_084111.jpg\" alt=\"\" class=\"wp-image-229\" style=\"aspect-ratio:1;object-fit:cover\" srcset=\"https:\/\/robike.sk\/wp-content\/uploads\/2025\/12\/20250707_084111.jpg 636w, https:\/\/robike.sk\/wp-content\/uploads\/2025\/12\/20250707_084111-225x300.jpg 225w, https:\/\/robike.sk\/wp-content\/uploads\/2025\/12\/20250707_084111-9x12.jpg 9w\" sizes=\"auto, (max-width: 636px) 100vw, 636px\" \/><\/figure>\n\n\n\n<figure class=\"wp-block-image size-large is-style-ext-preset--image--natural-1--image-1--content-bottom is-style-ext-preset--image--natural-1--image-1--content-bottom--4\"><img loading=\"lazy\" decoding=\"async\" width=\"768\" height=\"1024\" src=\"https:\/\/robike.sk\/wp-content\/uploads\/2025\/12\/20250713_095922-768x1024.jpg\" alt=\"\" class=\"wp-image-196\" style=\"aspect-ratio:1;object-fit:cover\" srcset=\"https:\/\/robike.sk\/wp-content\/uploads\/2025\/12\/20250713_095922-768x1024.jpg 768w, https:\/\/robike.sk\/wp-content\/uploads\/2025\/12\/20250713_095922-225x300.jpg 225w, https:\/\/robike.sk\/wp-content\/uploads\/2025\/12\/20250713_095922-1152x1536.jpg 1152w, https:\/\/robike.sk\/wp-content\/uploads\/2025\/12\/20250713_095922-1536x2048.jpg 1536w, https:\/\/robike.sk\/wp-content\/uploads\/2025\/12\/20250713_095922-9x12.jpg 9w, https:\/\/robike.sk\/wp-content\/uploads\/2025\/12\/20250713_095922-scaled.jpg 1920w\" sizes=\"auto, (max-width: 768px) 100vw, 768px\" \/><\/figure>\n<\/div>\n\n\n\n<div class=\"wp-block-column is-vertically-aligned-bottom is-layout-flow wp-container-core-column-is-layout-f5bb311e wp-block-column-is-layout-flow\">\n<figure class=\"wp-block-image size-large is-style-ext-preset--image--natural-1--image-1--content-bottom is-style-ext-preset--image--natural-1--image-1--content-bottom--5\"><img loading=\"lazy\" decoding=\"async\" width=\"768\" height=\"1024\" src=\"https:\/\/robike.sk\/wp-content\/uploads\/2025\/12\/20250710_093528-1-1-768x1024.jpg\" alt=\"\" class=\"wp-image-193\" style=\"aspect-ratio:1;object-fit:cover\" srcset=\"https:\/\/robike.sk\/wp-content\/uploads\/2025\/12\/20250710_093528-1-1-768x1024.jpg 768w, https:\/\/robike.sk\/wp-content\/uploads\/2025\/12\/20250710_093528-1-1-225x300.jpg 225w, https:\/\/robike.sk\/wp-content\/uploads\/2025\/12\/20250710_093528-1-1-1152x1536.jpg 1152w, https:\/\/robike.sk\/wp-content\/uploads\/2025\/12\/20250710_093528-1-1-1536x2048.jpg 1536w, https:\/\/robike.sk\/wp-content\/uploads\/2025\/12\/20250710_093528-1-1-9x12.jpg 9w, https:\/\/robike.sk\/wp-content\/uploads\/2025\/12\/20250710_093528-1-1-scaled.jpg 1920w\" sizes=\"auto, (max-width: 768px) 100vw, 768px\" \/><\/figure>\n\n\n\n<figure class=\"wp-block-image size-full is-style-ext-preset--image--natural-1--image-1--content-bottom is-style-ext-preset--image--natural-1--image-1--content-bottom--6\"><img loading=\"lazy\" decoding=\"async\" width=\"685\" height=\"913\" src=\"https:\/\/robike.sk\/wp-content\/uploads\/2025\/12\/20250708_084330-1.jpg\" alt=\"\" class=\"wp-image-232\" style=\"aspect-ratio:1;object-fit:cover\" srcset=\"https:\/\/robike.sk\/wp-content\/uploads\/2025\/12\/20250708_084330-1.jpg 685w, https:\/\/robike.sk\/wp-content\/uploads\/2025\/12\/20250708_084330-1-225x300.jpg 225w, https:\/\/robike.sk\/wp-content\/uploads\/2025\/12\/20250708_084330-1-9x12.jpg 9w\" sizes=\"auto, (max-width: 685px) 100vw, 685px\" \/><\/figure>\n\n\n\n<figure class=\"wp-block-image size-large is-style-ext-preset--image--natural-1--image-1--content-bottom is-style-ext-preset--image--natural-1--image-1--content-bottom--7\"><img loading=\"lazy\" decoding=\"async\" width=\"768\" height=\"1024\" src=\"https:\/\/robike.sk\/wp-content\/uploads\/2025\/12\/20250713_100440-1-768x1024.jpg\" alt=\"\" class=\"wp-image-197\" style=\"aspect-ratio:1;object-fit:cover\" srcset=\"https:\/\/robike.sk\/wp-content\/uploads\/2025\/12\/20250713_100440-1-768x1024.jpg 768w, https:\/\/robike.sk\/wp-content\/uploads\/2025\/12\/20250713_100440-1-225x300.jpg 225w, https:\/\/robike.sk\/wp-content\/uploads\/2025\/12\/20250713_100440-1-1152x1536.jpg 1152w, https:\/\/robike.sk\/wp-content\/uploads\/2025\/12\/20250713_100440-1-1536x2048.jpg 1536w, https:\/\/robike.sk\/wp-content\/uploads\/2025\/12\/20250713_100440-1-9x12.jpg 9w, https:\/\/robike.sk\/wp-content\/uploads\/2025\/12\/20250713_100440-1-scaled.jpg 1920w\" sizes=\"auto, (max-width: 768px) 100vw, 768px\" \/><\/figure>\n<\/div>\n\n\n\n<div class=\"wp-block-column is-vertically-aligned-bottom is-layout-flow wp-container-core-column-is-layout-f5bb311e wp-block-column-is-layout-flow\">\n<figure class=\"wp-block-image size-large is-style-ext-preset--image--natural-1--image-1--content-bottom is-style-ext-preset--image--natural-1--image-1--content-bottom--8\"><img loading=\"lazy\" decoding=\"async\" width=\"768\" height=\"1024\" src=\"https:\/\/robike.sk\/wp-content\/uploads\/2025\/12\/20250711_123450_exported_2244_1752251581490-1-1-768x1024.jpg\" alt=\"\" class=\"wp-image-194\" style=\"aspect-ratio:1;object-fit:cover\" srcset=\"https:\/\/robike.sk\/wp-content\/uploads\/2025\/12\/20250711_123450_exported_2244_1752251581490-1-1-768x1024.jpg 768w, https:\/\/robike.sk\/wp-content\/uploads\/2025\/12\/20250711_123450_exported_2244_1752251581490-1-1-225x300.jpg 225w, https:\/\/robike.sk\/wp-content\/uploads\/2025\/12\/20250711_123450_exported_2244_1752251581490-1-1-9x12.jpg 9w, https:\/\/robike.sk\/wp-content\/uploads\/2025\/12\/20250711_123450_exported_2244_1752251581490-1-1.jpg 984w\" sizes=\"auto, (max-width: 768px) 100vw, 768px\" \/><\/figure>\n\n\n\n<figure class=\"wp-block-image size-full is-style-ext-preset--image--natural-1--image-1--content-bottom is-style-ext-preset--image--natural-1--image-1--content-bottom--9\"><img loading=\"lazy\" decoding=\"async\" width=\"685\" height=\"913\" src=\"https:\/\/robike.sk\/wp-content\/uploads\/2025\/12\/20250706_105615.jpg\" alt=\"\" class=\"wp-image-233\" style=\"aspect-ratio:1;object-fit:cover\" srcset=\"https:\/\/robike.sk\/wp-content\/uploads\/2025\/12\/20250706_105615.jpg 685w, https:\/\/robike.sk\/wp-content\/uploads\/2025\/12\/20250706_105615-225x300.jpg 225w, https:\/\/robike.sk\/wp-content\/uploads\/2025\/12\/20250706_105615-9x12.jpg 9w\" sizes=\"auto, (max-width: 685px) 100vw, 685px\" \/><\/figure>\n\n\n\n<figure class=\"wp-block-image size-large is-style-ext-preset--image--natural-1--image-1--content-bottom is-style-ext-preset--image--natural-1--image-1--content-bottom--10\"><img loading=\"lazy\" decoding=\"async\" width=\"1024\" height=\"768\" src=\"https:\/\/robike.sk\/wp-content\/uploads\/2025\/12\/20240706_110113-1-1024x768.jpg\" alt=\"\" class=\"wp-image-198\" style=\"aspect-ratio:1;object-fit:cover\" srcset=\"https:\/\/robike.sk\/wp-content\/uploads\/2025\/12\/20240706_110113-1-1024x768.jpg 1024w, https:\/\/robike.sk\/wp-content\/uploads\/2025\/12\/20240706_110113-1-300x225.jpg 300w, https:\/\/robike.sk\/wp-content\/uploads\/2025\/12\/20240706_110113-1-768x576.jpg 768w, https:\/\/robike.sk\/wp-content\/uploads\/2025\/12\/20240706_110113-1-1536x1152.jpg 1536w, https:\/\/robike.sk\/wp-content\/uploads\/2025\/12\/20240706_110113-1-2048x1536.jpg 2048w, https:\/\/robike.sk\/wp-content\/uploads\/2025\/12\/20240706_110113-1-16x12.jpg 16w\" sizes=\"auto, (max-width: 1024px) 100vw, 1024px\" \/><\/figure>\n<\/div>\n<\/div>\n<\/div>","protected":false},"excerpt":{"rendered":"<p>Gal\u00e9ria predstavuje v\u00fdber fotografi\u00ed a dynamick\u00fdch vide\u00ed, ktor\u00e9 zachyt\u00e1vaj\u00fa nezabudnute\u013en\u00e9 dobrodru\u017estv\u00e1 na dvoch koles\u00e1ch, ako aj \u00fachvatn\u00e9 kr\u00e1sy a rozmanitos\u0165 pr\u00edrody v jej najp\u00f4sobivej\u0161\u00edch podob\u00e1ch.<\/p>","protected":false},"author":1,"featured_media":0,"parent":0,"menu_order":0,"comment_status":"closed","ping_status":"closed","template":"page-with-title","meta":{"_monsterinsights_skip_tracking":false,"_monsterinsights_sitenote_active":false,"_monsterinsights_sitenote_note":"","_monsterinsights_sitenote_category":0,"footnotes":""},"class_list":["post-57","page","type-page","status-publish","hentry"],"aioseo_notices":[],"_links":{"self":[{"href":"https:\/\/robike.sk\/de\/wp-json\/wp\/v2\/pages\/57","targetHints":{"allow":["GET"]}}],"collection":[{"href":"https:\/\/robike.sk\/de\/wp-json\/wp\/v2\/pages"}],"about":[{"href":"https:\/\/robike.sk\/de\/wp-json\/wp\/v2\/types\/page"}],"author":[{"embeddable":true,"href":"https:\/\/robike.sk\/de\/wp-json\/wp\/v2\/users\/1"}],"replies":[{"embeddable":true,"href":"https:\/\/robike.sk\/de\/wp-json\/wp\/v2\/comments?post=57"}],"version-history":[{"count":5,"href":"https:\/\/robike.sk\/de\/wp-json\/wp\/v2\/pages\/57\/revisions"}],"predecessor-version":[{"id":236,"href":"https:\/\/robike.sk\/de\/wp-json\/wp\/v2\/pages\/57\/revisions\/236"}],"wp:attachment":[{"href":"https:\/\/robike.sk\/de\/wp-json\/wp\/v2\/media?parent=57"}],"curies":[{"name":"wp","href":"https:\/\/api.w.org\/{rel}","templated":true}]}}