{"id":55,"date":"2025-12-25T15:16:21","date_gmt":"2025-12-25T14:16:21","guid":{"rendered":"https:\/\/robike.sk\/o-nas\/"},"modified":"2026-03-21T18:18:38","modified_gmt":"2026-03-21T17:18:38","slug":"o-nas","status":"publish","type":"page","link":"https:\/\/robike.sk\/de\/o-nas\/","title":{"rendered":"\u00dcber uns"},"content":{"rendered":"<div class=\"wp-block-group alignfull is-style-ext-preset--group--natural-1--section has-background-background-color has-background has-global-padding is-layout-constrained wp-block-group-is-layout-constrained is-style-ext-preset--group--natural-1--section--1\" id=\"o-nas\" style=\"margin-top:0;margin-bottom:0;padding-top:var(--wp--preset--spacing--70);padding-bottom:var(--wp--preset--spacing--70)\">\n<div class=\"wp-block-columns alignwide are-vertically-aligned-top is-layout-flex wp-container-core-columns-is-layout-174606dc wp-block-columns-is-layout-flex\">\n<div class=\"wp-block-column is-vertically-aligned-top is-layout-flow wp-block-column-is-layout-flow\">\n<figure class=\"wp-block-image size-large is-style-ext-preset--image--natural-1--image-1--content-right is-style-ext-preset--image--natural-1--image-1--content-right--2\"><img loading=\"lazy\" decoding=\"async\" width=\"708\" height=\"1024\" src=\"https:\/\/robike.sk\/wp-content\/uploads\/2025\/12\/20240721_1018522-1-708x1024.jpg\" alt=\"\" class=\"wp-image-212\" style=\"aspect-ratio:1;object-fit:cover\" srcset=\"https:\/\/robike.sk\/wp-content\/uploads\/2025\/12\/20240721_1018522-1-708x1024.jpg 708w, https:\/\/robike.sk\/wp-content\/uploads\/2025\/12\/20240721_1018522-1-207x300.jpg 207w, https:\/\/robike.sk\/wp-content\/uploads\/2025\/12\/20240721_1018522-1-768x1111.jpg 768w, https:\/\/robike.sk\/wp-content\/uploads\/2025\/12\/20240721_1018522-1-1062x1536.jpg 1062w, https:\/\/robike.sk\/wp-content\/uploads\/2025\/12\/20240721_1018522-1-1416x2048.jpg 1416w, https:\/\/robike.sk\/wp-content\/uploads\/2025\/12\/20240721_1018522-1-8x12.jpg 8w, https:\/\/robike.sk\/wp-content\/uploads\/2025\/12\/20240721_1018522-1.jpg 1476w\" sizes=\"auto, (max-width: 708px) 100vw, 708px\" \/><\/figure>\n<\/div>\n\n\n\n<div class=\"wp-block-column is-vertically-aligned-top is-layout-flow wp-block-column-is-layout-flow\">\n<div class=\"wp-block-group alignwide is-vertical is-layout-flex wp-container-core-group-is-layout-c35747d5 wp-block-group-is-layout-flex\">\n<div class=\"wp-block-group has-global-padding is-layout-constrained wp-container-core-group-is-layout-dd32767c wp-block-group-is-layout-constrained\">\n<h2 class=\"wp-block-heading\">Motorradabenteuer rund um die Welt<\/h2>\n\n\n\n<p>Mototravel Robike ist ein leidenschaftlicher Motorrad-Blog, der Motorrad- und Reisebegeisterte verbindet. Unser Ziel ist es, die Motorradgemeinschaft zu inspirieren und zu unterst\u00fctzen, unvergessliche Ausfl\u00fcge voller Abenteuer und Natursch\u00f6nheiten zu planen.  <\/p>\n\n\n\n<p>Mein Name ist R\u00f3bert Marton\u010d\u00edk und ich bin ein leidenschaftlicher Motorradfahrer, der Sie auf diesen Reisen begleiten wird. In diesem Motorrad-Blog werde ich Ihnen verschiedene Routen und Videos von den Fahrten vorstellen, zusammen mit Bewertungen von Unterk\u00fcnften, egal ob Sie in Campingpl\u00e4tzen oder Hotels \u00fcbernachten. <\/p>\n\n\n\n<p><\/p>\n\n\n\n<p><\/p>\n\n\n\n<p><\/p>\n<\/div>\n<\/div>\n<\/div>\n<\/div>\n\n\n\n<p class=\"has-text-align-center\">Nat\u00fcrlich darf ich nicht vergessen, auch mein Motorrad Honda CB 500 XA und neue Motorrad  BMW r 1200 GSA vorzustellen, mit dem ich diese interessanten Orte teile.<\/p>\n\n\n\n<div class=\"wp-block-group is-nowrap is-layout-flex wp-container-core-group-is-layout-6c531013 wp-block-group-is-layout-flex\">\n<figure class=\"wp-block-video aligncenter\"><video height=\"1920\" style=\"aspect-ratio: 1080 \/ 1920;\" width=\"1080\" controls src=\"https:\/\/robike.sk\/wp-content\/uploads\/2025\/12\/2025-03-22-0852029782-1.mp4\"><\/video><\/figure>\n\n\n\n<figure class=\"wp-block-video\"><video height=\"1920\" style=\"aspect-ratio: 1080 \/ 1920;\" width=\"1080\" controls src=\"https:\/\/robike.sk\/wp-content\/uploads\/2026\/03\/2026-03-08-130430523.mp4\"><\/video><\/figure>\n<\/div>\n<\/div>","protected":false},"excerpt":{"rendered":"<p>Dobrodru\u017estv\u00e1 na motocykli po celom svete Mototravel Robike je v\u00e1\u0161niv\u00fd motork\u00e1rsky blog, ktor\u00fd sp\u00e1ja nad\u0161encov motoriek a cestovania. Na\u0161\u00edm cie\u013eom je in\u0161pirova\u0165 a podpori\u0165 komunitu motork\u00e1rov pri pl\u00e1novan\u00ed nezabudnute\u013en\u00fdch v\u00fdletov pln\u00fdch dobrodru\u017estiev a kr\u00e1s pr\u00edrody. Moje meno je R\u00f3bert Marton\u010d\u00edk a som v\u00e1\u0161niv\u00fd motork\u00e1r, ktor\u00fd v\u00e1s bude sprev\u00e1dza\u0165 na t\u00fdchto cest\u00e1ch . Na tomto motork\u00e1rskom [&hellip;]<\/p>","protected":false},"author":1,"featured_media":0,"parent":0,"menu_order":0,"comment_status":"closed","ping_status":"closed","template":"page-with-title","meta":{"_monsterinsights_skip_tracking":false,"_monsterinsights_sitenote_active":false,"_monsterinsights_sitenote_note":"","_monsterinsights_sitenote_category":0,"footnotes":""},"class_list":["post-55","page","type-page","status-publish","hentry"],"aioseo_notices":[],"_links":{"self":[{"href":"https:\/\/robike.sk\/de\/wp-json\/wp\/v2\/pages\/55","targetHints":{"allow":["GET"]}}],"collection":[{"href":"https:\/\/robike.sk\/de\/wp-json\/wp\/v2\/pages"}],"about":[{"href":"https:\/\/robike.sk\/de\/wp-json\/wp\/v2\/types\/page"}],"author":[{"embeddable":true,"href":"https:\/\/robike.sk\/de\/wp-json\/wp\/v2\/users\/1"}],"replies":[{"embeddable":true,"href":"https:\/\/robike.sk\/de\/wp-json\/wp\/v2\/comments?post=55"}],"version-history":[{"count":6,"href":"https:\/\/robike.sk\/de\/wp-json\/wp\/v2\/pages\/55\/revisions"}],"predecessor-version":[{"id":257,"href":"https:\/\/robike.sk\/de\/wp-json\/wp\/v2\/pages\/55\/revisions\/257"}],"wp:attachment":[{"href":"https:\/\/robike.sk\/de\/wp-json\/wp\/v2\/media?parent=55"}],"curies":[{"name":"wp","href":"https:\/\/api.w.org\/{rel}","templated":true}]}}